{"id":5129,"date":"2024-05-06T08:25:41","date_gmt":"2024-05-06T08:25:41","guid":{"rendered":"https:\/\/kallehalle.com\/datenschutzbestimmungen\/"},"modified":"2026-04-17T07:16:13","modified_gmt":"2026-04-17T07:16:13","slug":"datenschutzbestimmungen","status":"publish","type":"page","link":"https:\/\/kallehalle.com\/de\/datenschutzbestimmungen\/","title":{"rendered":"Datenschutzbestimmungen"},"content":{"rendered":"\t\t<div data-elementor-type=\"wp-page\" data-elementor-id=\"5129\" class=\"elementor elementor-5129 elementor-1824\" data-elementor-post-type=\"page\">\n\t\t\t\t<div class=\"elementor-element elementor-element-ffe742c e-flex e-con-boxed e-con e-parent\" data-id=\"ffe742c\" data-element_type=\"container\" data-e-type=\"container\" data-settings=\"{&quot;background_background&quot;:&quot;classic&quot;}\">\n\t\t\t\t\t<div class=\"e-con-inner\">\n\t\t\t\t\t<\/div>\n\t\t\t\t<\/div>\n\t\t<div class=\"elementor-element elementor-element-f52db9e e-flex e-con-boxed e-con e-parent\" data-id=\"f52db9e\" data-element_type=\"container\" data-e-type=\"container\" data-settings=\"{&quot;background_background&quot;:&quot;classic&quot;}\">\n\t\t\t\t\t<div class=\"e-con-inner\">\n\t\t<div class=\"elementor-element elementor-element-56b66d9 e-grid e-con-boxed e-con e-child\" data-id=\"56b66d9\" data-element_type=\"container\" data-e-type=\"container\">\n\t\t\t\t\t<div class=\"e-con-inner\">\n\t\t\t\t<div class=\"elementor-element elementor-element-5aed4ff elementor-widget elementor-widget-text-editor\" data-id=\"5aed4ff\" data-element_type=\"widget\" data-e-type=\"widget\" data-widget_type=\"text-editor.default\">\n\t\t\t\t<div class=\"elementor-widget-container\">\n\t\t\t\t\t\t\t\t\t<p>Sie stimmen der Verarbeitung Ihrer pers\u00f6nlichen Daten zu:<\/p>\n<p><strong>Betreff<\/strong>: KALLE HALLE GmbH<strong><br>Juristische Adresse<\/strong>: Karl-Marx-Str. 101, 12043 Berlin, Deutschland<\/p><p><strong>Unternehmens-ID<\/strong>: HRB 246030 B<\/p>\n<p>personenbezogene Daten in \u00dcbereinstimmung mit dem Gesetz zum Schutz personenbezogener Daten und der GDPR-Verordnung als f\u00fcr die Datenverarbeitung Verantwortlicher gem\u00e4\u00df den nachstehenden Bedingungen zu verarbeiten.<\/p>\t\t\t\t\t\t\t\t<\/div>\n\t\t\t\t<\/div>\n\t\t\t\t<div class=\"elementor-element elementor-element-cd7e058 elementor-widget elementor-widget-text-editor\" data-id=\"cd7e058\" data-element_type=\"widget\" data-e-type=\"widget\" data-widget_type=\"text-editor.default\">\n\t\t\t\t<div class=\"elementor-widget-container\">\n\t\t\t\t\t\t\t\t\t<p>Bei der Verarbeitung personenbezogener Daten handeln wir im Einklang mit der Rechtsordnung der Tschechischen Republik und den unmittelbar geltenden Vorschriften der Europ\u00e4ischen Union, insbesondere dem Gesetz Nr. 110\/2019 Slg. \u00fcber die Verarbeitung personenbezogener Daten in seiner ge\u00e4nderten Fassung, dem Gesetz Nr. 480\/2004 Slg. und im Einklang mit den Bestimmungen von Artikel 13 der Verordnung (EU) Nr. 2016\/679 des Europ\u00e4ischen Parlaments und des Rates vom 27. April 2016, der allgemeinen Datenschutzverordnung \u00fcber bestimmte Dienste der Informationsgesellschaft und zur \u00c4nderung bestimmter Gesetze, in seiner ge\u00e4nderten Fassung.<\/p><p>In den folgenden Zeilen geben wir Ihnen einen \u00dcberblick dar\u00fcber, wie und zu welchem Zweck wir Ihre personenbezogenen Daten verarbeiten und wer die Auftragsverarbeiter sein k\u00f6nnen. Diese Informationen sind wichtig, daher hoffen wir, dass Sie sich die Zeit nehmen, sie sorgf\u00e4ltig zu lesen. <\/p>\t\t\t\t\t\t\t\t<\/div>\n\t\t\t\t<\/div>\n\t\t\t\t\t<\/div>\n\t\t\t\t<\/div>\n\t\t\t\t<div class=\"elementor-element elementor-element-842d482 elementor-widget elementor-widget-text-editor\" data-id=\"842d482\" data-element_type=\"widget\" data-e-type=\"widget\" data-widget_type=\"text-editor.default\">\n\t\t\t\t<div class=\"elementor-widget-container\">\n\t\t\t\t\t\t\t\t\t<h3>Welche Daten verarbeiten wir als Verantwortliche?<\/h3><h4>Ausf\u00fcllen des Formulars<\/h4><ul><li>Vorname und Nachname<\/li><li>Telefon Nummer<\/li><li>E-Mail Adresse<\/li><\/ul><div class=\"elementor-element elementor-element-9a2e39e elementor-widget elementor-widget-text-editor\" data-id=\"9a2e39e\" data-element_type=\"widget\" data-widget_type=\"text-editor.default\"><div class=\"elementor-widget-container\"><h3>Wann ist eine Zustimmung zur Verarbeitung personenbezogener Daten nicht erforderlich?<\/h3><p>Wir d\u00fcrfen personenbezogene Daten ohne Ihre Zustimmung nur f\u00fcr die folgenden Zwecke verarbeiten:<\/p><ul><li><strong>Erf\u00fcllung eines Vertrags \u00fcber die Erbringung einer Dienstleistung oder eines Produkts<\/strong><\/li><li><strong>Erf\u00fcllung von rechtlichen Verpflichtungen<\/strong>, die sich f\u00fcr uns aus allgemein verbindlichen Rechtsvorschriften ergeben.<\/li><li>Verarbeitung im Rahmen eines berechtigten Interesses (z.B. f\u00fcr Direktmarketing, zur Gew\u00e4hrleistung der Sicherheit und des Schutzes des Lebens).<\/li><\/ul><\/div><\/div><div class=\"elementor-element elementor-element-4c9f5ca elementor-widget elementor-widget-text-editor\" data-id=\"4c9f5ca\" data-element_type=\"widget\" data-widget_type=\"text-editor.default\"><div class=\"elementor-widget-container\"><h3>Zu welchem Zweck verwalten wir personenbezogene Daten und f\u00fcr wie lange?<\/h3><p>Die Daten k\u00f6nnen f\u00fcr kommerzielle und Marketingzwecke verwendet werden, d.h. um eine Datenbank von Website-Nutzern zu f\u00fchren und um Waren und Dienstleistungen anzubieten, solange der rechtliche Grund f\u00fcr diese Verarbeitung und Verwendung von pers\u00f6nlichen und anderen Daten andauert. Mit anderen Worten: Wir erheben Ihre personenbezogenen Daten, um Ihnen die Nutzung unserer Dienste zu erm\u00f6glichen und Sie \u00fcber neue Entwicklungen zu informieren. Lesen Sie mehr \u00fcber die Zwecke, f\u00fcr die wir die einzelnen Daten verwalten, je nachdem, wo sie eingegeben werden.  <\/p><p><strong>Ausf\u00fcllen des Formulars<\/strong> &#8211; Zur Verarbeitung der personenbezogenen Daten, die beim Ausf\u00fcllen des Einwilligungsformulars eingegeben werden, zum Zweck der Vertragserf\u00fcllung, d.h. zum Zweck der Lieferung der Ware oder der Erbringung der Dienstleistung. Dar\u00fcber hinaus k\u00f6nnen wir diese Daten zur Erf\u00fcllung unserer gesetzlichen Pflichten (insbesondere Meldepflichten, Archivierung von Steuerunterlagen usw.) und zur Wahrung unserer Rechtsanspr\u00fcche verarbeiten. <\/p><p>Wir k\u00f6nnen <strong>Identifikations- und Adressdaten<\/strong> in \u00dcbereinstimmung mit dem sogenannten berechtigten Interesse f\u00fcr die Erstellung interner Statistiken verwenden. Wir verwenden die anonymisierten Ergebnisse dieser Statistiken, um unsere Dienstleistungen zu verbessern, einschlie\u00dflich der Analyse des Nutzerverhaltens und des Marketings. <\/p><p>Wir verarbeiten die durch Cookies erhobenen personenbezogenen Daten auf der Grundlage Ihrer Zustimmung (die Sie durch Best\u00e4tigung auf der Weboberfl\u00e4che geben k\u00f6nnen, nachdem Sie \u00fcber die Verwendung von Cookies informiert wurden und die M\u00f6glichkeit hatten, diese Richtlinie zu lesen). Wir sind berechtigt, die durch Cookies erhobenen personenbezogenen Daten zu verarbeiten, auch wenn Sie die Weboberfl\u00e4che weiter nutzen, nachdem Sie \u00fcber die Verarbeitung dieser personenbezogenen Daten informiert wurden. Wir verwenden die durch Cookies gesammelten personenbezogenen Daten zum Zweck der Benutzerunterst\u00fctzung, der Verbesserung unserer Dienste, einschlie\u00dflich der Analyse des Benutzerverhaltens und des Marketings.  <\/p><p>Alle f\u00fcr die oben genannten Zwecke zur Verf\u00fcgung gestellten personenbezogenen Daten werden v\u00f6llig freiwillig zur Verf\u00fcgung gestellt, und der Ausdruck der Zustimmung erfolgt durch aktive Interaktion (Ankreuzen) des K\u00e4stchens zur Zustimmung zu ihrer Verarbeitung oder auf der Grundlage eines berechtigten Interesses. Sie k\u00f6nnen die Verarbeitung der Daten zu diesem Zweck jederzeit per E-Mail widerrufen. <\/p><div class=\"elementor-element elementor-element-70145db elementor-widget elementor-widget-text-editor\" data-id=\"70145db\" data-element_type=\"widget\" data-widget_type=\"text-editor.default\"><div class=\"elementor-widget-container\"><h3>Welche Rechte habe ich in Bezug auf den Datenschutz?<\/h3><ul><li>Fordern Sie uns auf, Ihnen mitzuteilen, welche Ihrer pers\u00f6nlichen Daten wir verarbeiten.<\/li><li>Sie k\u00f6nnen von uns eine Erkl\u00e4rung \u00fcber die Verarbeitung Ihrer pers\u00f6nlichen Daten verlangen.<\/li><li>Sie k\u00f6nnen bei uns Zugang zu diesen Daten beantragen und sie aktualisieren oder korrigieren lassen.<\/li><li>Fordern Sie uns auf, diese pers\u00f6nlichen Daten zu l\u00f6schen.<\/li><li>Beantragen Sie Daten\u00fcbertragbarkeit.<\/li><li>Das Recht, in bestimmten F\u00e4llen \u00fcber eine Verletzung des Schutzes personenbezogener Daten informiert zu werden.<\/li><\/ul><p>Sie k\u00f6nnen jederzeit eine Beschwerde bei einer Aufsichtsbeh\u00f6rde einreichen, die sich auf die Verarbeitung Ihrer personenbezogenen Daten oder die Nichteinhaltung der Verpflichtungen des f\u00fcr die Verarbeitung Verantwortlichen gem\u00e4\u00df der DSGVO bezieht. Die Aufsichtsbeh\u00f6rde in der Tschechischen Republik ist das Amt f\u00fcr den Schutz personenbezogener Daten mit Sitz in Pplk. Sochor 27, 170 00 Prag 7, www.uoou.cz.  <\/p><\/div><\/div><div class=\"elementor-element elementor-element-556f765 elementor-widget elementor-widget-text-editor\" data-id=\"556f765\" data-element_type=\"widget\" data-widget_type=\"text-editor.default\"><div class=\"elementor-widget-container\"><h3>Aktualisierungen der Datenschutzrichtlinie<\/h3><p>Wir k\u00f6nnen die Datenschutzrichtlinie von Zeit zu Zeit \u00e4ndern oder aktualisieren. Jegliche \u00c4nderungen an dieser Datenschutzrichtlinie werden mit der Ver\u00f6ffentlichung auf dieser Seite wirksam. <\/p><p>Diese Allgemeinen Gesch\u00e4ftsbedingungen treten am 01.01.2025 in Kraft.<\/p><\/div><\/div><\/div><\/div>\t\t\t\t\t\t\t\t<\/div>\n\t\t\t\t<\/div>\n\t\t\t\t\t<\/div>\n\t\t\t\t<\/div>\n\t\t\t\t<\/div>\n\t\t","protected":false},"excerpt":{"rendered":"<p>Sie stimmen der Verarbeitung Ihrer pers\u00f6nlichen Daten zu: Betreff: KALLE HALLE GmbHJuristische Adresse: Karl-Marx-Str. 101, 12043 Berlin, Deutschland Unternehmens-ID: HRB 246030 B personenbezogene Daten in \u00dcbereinstimmung mit dem Gesetz zum Schutz personenbezogener Daten und der GDPR-Verordnung als f\u00fcr die Datenverarbeitung Verantwortlicher gem\u00e4\u00df den nachstehenden Bedingungen zu verarbeiten. Bei der Verarbeitung personenbezogener Daten handeln wir im [&hellip;]<\/p>\n","protected":false},"author":1,"featured_media":0,"parent":0,"menu_order":0,"comment_status":"closed","ping_status":"closed","template":"","meta":{"_acf_changed":false,"inline_featured_image":false,"footnotes":""},"class_list":["post-5129","page","type-page","status-publish","hentry"],"acf":[],"_links":{"self":[{"href":"https:\/\/kallehalle.com\/de\/wp-json\/wp\/v2\/pages\/5129","targetHints":{"allow":["GET"]}}],"collection":[{"href":"https:\/\/kallehalle.com\/de\/wp-json\/wp\/v2\/pages"}],"about":[{"href":"https:\/\/kallehalle.com\/de\/wp-json\/wp\/v2\/types\/page"}],"author":[{"embeddable":true,"href":"https:\/\/kallehalle.com\/de\/wp-json\/wp\/v2\/users\/1"}],"replies":[{"embeddable":true,"href":"https:\/\/kallehalle.com\/de\/wp-json\/wp\/v2\/comments?post=5129"}],"version-history":[{"count":5,"href":"https:\/\/kallehalle.com\/de\/wp-json\/wp\/v2\/pages\/5129\/revisions"}],"predecessor-version":[{"id":6617,"href":"https:\/\/kallehalle.com\/de\/wp-json\/wp\/v2\/pages\/5129\/revisions\/6617"}],"wp:attachment":[{"href":"https:\/\/kallehalle.com\/de\/wp-json\/wp\/v2\/media?parent=5129"}],"curies":[{"name":"wp","href":"https:\/\/api.w.org\/{rel}","templated":true}]}}