{"id":5117,"date":"2025-04-16T16:51:49","date_gmt":"2025-04-16T16:51:49","guid":{"rendered":"https:\/\/kallehalle.com\/nachrichten-geschichten\/"},"modified":"2025-06-18T17:09:31","modified_gmt":"2025-06-18T17:09:31","slug":"nachrichten-geschichten","status":"publish","type":"page","link":"https:\/\/kallehalle.com\/de\/nachrichten-geschichten\/","title":{"rendered":"Nachrichten &amp; Geschichten"},"content":{"rendered":"\t\t<div data-elementor-type=\"wp-page\" data-elementor-id=\"5117\" class=\"elementor elementor-5117 elementor-4665\" data-elementor-post-type=\"page\">\n\t\t\t\t<div class=\"elementor-element elementor-element-604a6f0 e-flex e-con-boxed e-con e-parent\" data-id=\"604a6f0\" data-element_type=\"container\" data-e-type=\"container\">\n\t\t\t\t\t<div class=\"e-con-inner\">\n\t\t<div class=\"elementor-element elementor-element-02cb573 e-con-full e-grid e-con e-child\" data-id=\"02cb573\" data-element_type=\"container\" data-e-type=\"container\">\n\t\t\t\t<div class=\"elementor-element elementor-element-0f1824d elementor-widget elementor-widget-heading\" data-id=\"0f1824d\" data-element_type=\"widget\" data-e-type=\"widget\" data-widget_type=\"heading.default\">\n\t\t\t\t<div class=\"elementor-widget-container\">\n\t\t\t\t\t<h1 class=\"elementor-heading-title elementor-size-default\">Nachrichten<\/h1>\t\t\t\t<\/div>\n\t\t\t\t<\/div>\n\t\t\t\t<div class=\"elementor-element elementor-element-3d2f566 elementor-widget elementor-widget-text-editor\" data-id=\"3d2f566\" data-element_type=\"widget\" data-e-type=\"widget\" data-widget_type=\"text-editor.default\">\n\t\t\t\t<div class=\"elementor-widget-container\">\n\t\t\t\t\t\t\t\t\t<p>Schreiben Sie uns eine Nachricht und sagen Sie uns, was Ihnen vorschwebt. Unser erfahrenes Team wird sich bei Ihnen melden und wir werden den Rest gemeinsam herausfinden.<\/p>\n\t\t\t\t\t\t\t\t<\/div>\n\t\t\t\t<\/div>\n\t\t\t\t<\/div>\n\t\t\t\t<div class=\"elementor-element elementor-element-9a5e518 elementor-grid-tablet-2 elementor-grid-3 elementor-grid-mobile-1 elementor-widget elementor-widget-loop-grid\" data-id=\"9a5e518\" data-element_type=\"widget\" data-e-type=\"widget\" data-settings=\"{&quot;template_id&quot;:4875,&quot;columns_tablet&quot;:2,&quot;masonry&quot;:&quot;yes&quot;,&quot;row_gap_tablet&quot;:{&quot;unit&quot;:&quot;px&quot;,&quot;size&quot;:50,&quot;sizes&quot;:[]},&quot;row_gap_mobile&quot;:{&quot;unit&quot;:&quot;px&quot;,&quot;size&quot;:30,&quot;sizes&quot;:[]},&quot;_skin&quot;:&quot;post&quot;,&quot;columns&quot;:&quot;3&quot;,&quot;columns_mobile&quot;:&quot;1&quot;,&quot;edit_handle_selector&quot;:&quot;[data-elementor-type=\\&quot;loop-item\\&quot;]&quot;,&quot;row_gap&quot;:{&quot;unit&quot;:&quot;px&quot;,&quot;size&quot;:&quot;&quot;,&quot;sizes&quot;:[]}}\" data-widget_type=\"loop-grid.post\">\n\t\t\t\t<div class=\"elementor-widget-container\">\n\t\t\t\t\t\t\t<div class=\"elementor-loop-container elementor-grid\" role=\"list\">\n\t\t<style id=\"loop-4875\">.elementor-4875 .elementor-element.elementor-element-5310719{--display:flex;}.elementor-4875 .elementor-element.elementor-element-4ad7ce4 img{width:100%;max-width:100%;}.elementor-4875 .elementor-element.elementor-element-b02e626{--display:flex;--gap:20px 20px;--row-gap:20px;--column-gap:20px;--margin-top:20px;--margin-bottom:0px;--margin-left:0px;--margin-right:0px;--padding-top:10px;--padding-bottom:10px;--padding-left:10px;--padding-right:10px;}.elementor-4875 .elementor-element.elementor-element-12ab721 .elementor-heading-title{font-size:24px;text-transform:none;color:var( --e-global-color-text );}.elementor-4875 .elementor-element.elementor-element-4714744 .elementor-icon-list-icon{width:14px;}.elementor-4875 .elementor-element.elementor-element-4714744 .elementor-icon-list-icon i{font-size:14px;}.elementor-4875 .elementor-element.elementor-element-4714744 .elementor-icon-list-icon svg{--e-icon-list-icon-size:14px;}.elementor-4875 .elementor-element.elementor-element-4714744 .elementor-icon-list-item{font-size:16px;}.elementor-4875 .elementor-element.elementor-element-4714744 > .elementor-widget-container{margin:-20px 0px 0px 0px;}.elementor-4875 .elementor-element.elementor-element-dbaea30 .elementor-widget-container{font-size:18px;}.elementor-4875 .elementor-element.elementor-element-af92bac .elementor-button{fill:var( --e-global-color-primary );color:var( --e-global-color-primary );background-color:var( --e-global-color-text );border-style:solid;border-width:2px 2px 2px 2px;border-color:var( --e-global-color-text );padding:12px 40px 12px 40px;}.elementor-4875 .elementor-element.elementor-element-af92bac .elementor-button:hover, .elementor-4875 .elementor-element.elementor-element-af92bac .elementor-button:focus{color:var( --e-global-color-text );background-color:var( --e-global-color-primary );border-color:var( --e-global-color-text );}.elementor-4875 .elementor-element.elementor-element-af92bac .elementor-button:hover svg, .elementor-4875 .elementor-element.elementor-element-af92bac .elementor-button:focus svg{fill:var( --e-global-color-text );}@media(max-width:767px){.elementor-4875 .elementor-element.elementor-element-5310719{--content-width:100%;}}@media(min-width:768px){.elementor-4875 .elementor-element.elementor-element-5310719{--content-width:100%;}}@media(max-width:1024px) and (min-width:768px){.elementor-4875 .elementor-element.elementor-element-5310719{--content-width:100%;}}\/* Start custom CSS for theme-post-featured-image, class: .elementor-element-4ad7ce4 *\/.elementor-4875 .elementor-element.elementor-element-4ad7ce4 a {\n    width: 100%;\n}\/* End custom CSS *\/<\/style>\t\t<div data-elementor-type=\"loop-item\" data-elementor-id=\"4875\" class=\"elementor elementor-4875 e-loop-item e-loop-item-5123 post-5123 post type-post status-publish format-standard has-post-thumbnail hentry category-unkategorisiert\" data-elementor-post-type=\"elementor_library\" data-custom-edit-handle=\"1\">\n\t\t\t<div class=\"elementor-element elementor-element-5310719 e-flex e-con-boxed e-con e-parent\" data-id=\"5310719\" data-element_type=\"container\" data-e-type=\"container\">\n\t\t\t\t\t<div class=\"e-con-inner\">\n\t\t\t\t<div class=\"elementor-element elementor-element-4ad7ce4 elementor-widget elementor-widget-theme-post-featured-image elementor-widget-image\" data-id=\"4ad7ce4\" data-element_type=\"widget\" data-e-type=\"widget\" data-widget_type=\"theme-post-featured-image.default\">\n\t\t\t\t<div class=\"elementor-widget-container\">\n\t\t\t\t\t\t\t\t\t\t\t\t\t\t\t\t<a href=\"https:\/\/kallehalle.com\/de\/zweite-nachricht\/\">\n\t\t\t\t\t\t\t<img fetchpriority=\"high\" decoding=\"async\" width=\"558\" height=\"699\" src=\"https:\/\/kallehalle.com\/wp-content\/uploads\/2025\/04\/asset-20.webp\" class=\"attachment-large size-large wp-image-4300\" alt=\"\" srcset=\"https:\/\/kallehalle.com\/wp-content\/uploads\/2025\/04\/asset-20.webp 558w, https:\/\/kallehalle.com\/wp-content\/uploads\/2025\/04\/asset-20-239x300.webp 239w\" sizes=\"(max-width: 558px) 100vw, 558px\" \/>\t\t\t\t\t\t\t\t<\/a>\n\t\t\t\t\t\t\t\t\t\t\t\t\t\t\t<\/div>\n\t\t\t\t<\/div>\n\t\t<div class=\"elementor-element elementor-element-b02e626 e-con-full e-flex e-con e-child\" data-id=\"b02e626\" data-element_type=\"container\" data-e-type=\"container\">\n\t\t\t\t<div class=\"elementor-element elementor-element-12ab721 elementor-widget elementor-widget-theme-post-title elementor-page-title elementor-widget-heading\" data-id=\"12ab721\" data-element_type=\"widget\" data-e-type=\"widget\" data-widget_type=\"theme-post-title.default\">\n\t\t\t\t<div class=\"elementor-widget-container\">\n\t\t\t\t\t<h2 class=\"elementor-heading-title elementor-size-default\">Zweite Nachricht<\/h2>\t\t\t\t<\/div>\n\t\t\t\t<\/div>\n\t\t\t\t<div class=\"elementor-element elementor-element-4714744 elementor-widget elementor-widget-post-info\" data-id=\"4714744\" data-element_type=\"widget\" data-e-type=\"widget\" data-widget_type=\"post-info.default\">\n\t\t\t\t<div class=\"elementor-widget-container\">\n\t\t\t\t\t\t\t<ul class=\"elementor-inline-items elementor-icon-list-items elementor-post-info\">\n\t\t\t\t\t\t\t\t<li class=\"elementor-icon-list-item elementor-repeater-item-6fc4fcf elementor-inline-item\" itemprop=\"about\">\n\t\t\t\t\t\t\t\t\t\t\t\t\t<span class=\"elementor-icon-list-text elementor-post-info__item elementor-post-info__item--type-terms\">\n\t\t\t\t\t\t\t\t\t\t<span class=\"elementor-post-info__terms-list\">\n\t\t\t\t<span class=\"elementor-post-info__terms-list-item\">Unkategorisiert<\/span>\t\t\t\t<\/span>\n\t\t\t\t\t<\/span>\n\t\t\t\t\t\t\t\t<\/li>\n\t\t\t\t<\/ul>\n\t\t\t\t\t\t<\/div>\n\t\t\t\t<\/div>\n\t\t\t\t<div class=\"elementor-element elementor-element-dbaea30 elementor-widget elementor-widget-theme-post-excerpt\" data-id=\"dbaea30\" data-element_type=\"widget\" data-e-type=\"widget\" data-widget_type=\"theme-post-excerpt.default\">\n\t\t\t\t<div class=\"elementor-widget-container\">\n\t\t\t\t\tLorem ipsum dolor sit amet, consectetuer adipiscing elit. Itaque earum rerum hic tenetur a sapiente delectus.\t\t\t\t<\/div>\n\t\t\t\t<\/div>\n\t\t\t\t<div class=\"elementor-element elementor-element-af92bac elementor-widget elementor-widget-button\" data-id=\"af92bac\" data-element_type=\"widget\" data-e-type=\"widget\" data-widget_type=\"button.default\">\n\t\t\t\t<div class=\"elementor-widget-container\">\n\t\t\t\t\t\t\t\t\t<div class=\"elementor-button-wrapper\">\n\t\t\t\t\t<a class=\"elementor-button elementor-button-link elementor-size-sm\" href=\"https:\/\/kallehalle.com\/de\/zweite-nachricht\/\">\n\t\t\t\t\t\t<span class=\"elementor-button-content-wrapper\">\n\t\t\t\t\t\t\t\t\t<span class=\"elementor-button-text\">Read more<\/span>\n\t\t\t\t\t<\/span>\n\t\t\t\t\t<\/a>\n\t\t\t\t<\/div>\n\t\t\t\t\t\t\t\t<\/div>\n\t\t\t\t<\/div>\n\t\t\t\t<\/div>\n\t\t\t\t\t<\/div>\n\t\t\t\t<\/div>\n\t\t\t\t<\/div>\n\t\t\t\t<div data-elementor-type=\"loop-item\" data-elementor-id=\"4875\" class=\"elementor elementor-4875 e-loop-item e-loop-item-5127 post-5127 post type-post status-publish format-standard has-post-thumbnail hentry category-weinverkostung\" data-elementor-post-type=\"elementor_library\" data-custom-edit-handle=\"1\">\n\t\t\t<div class=\"elementor-element elementor-element-5310719 e-flex e-con-boxed e-con e-parent\" data-id=\"5310719\" data-element_type=\"container\" data-e-type=\"container\">\n\t\t\t\t\t<div class=\"e-con-inner\">\n\t\t\t\t<div class=\"elementor-element elementor-element-4ad7ce4 elementor-widget elementor-widget-theme-post-featured-image elementor-widget-image\" data-id=\"4ad7ce4\" data-element_type=\"widget\" data-e-type=\"widget\" data-widget_type=\"theme-post-featured-image.default\">\n\t\t\t\t<div class=\"elementor-widget-container\">\n\t\t\t\t\t\t\t\t\t\t\t\t\t\t\t\t<a href=\"https:\/\/kallehalle.com\/de\/titel-der-nachricht\/\">\n\t\t\t\t\t\t\t<img decoding=\"async\" width=\"511\" height=\"640\" src=\"https:\/\/kallehalle.com\/wp-content\/uploads\/2025\/04\/asset-17.webp\" class=\"attachment-large size-large wp-image-4294\" alt=\"\" srcset=\"https:\/\/kallehalle.com\/wp-content\/uploads\/2025\/04\/asset-17.webp 511w, https:\/\/kallehalle.com\/wp-content\/uploads\/2025\/04\/asset-17-240x300.webp 240w\" sizes=\"(max-width: 511px) 100vw, 511px\" \/>\t\t\t\t\t\t\t\t<\/a>\n\t\t\t\t\t\t\t\t\t\t\t\t\t\t\t<\/div>\n\t\t\t\t<\/div>\n\t\t<div class=\"elementor-element elementor-element-b02e626 e-con-full e-flex e-con e-child\" data-id=\"b02e626\" data-element_type=\"container\" data-e-type=\"container\">\n\t\t\t\t<div class=\"elementor-element elementor-element-12ab721 elementor-widget elementor-widget-theme-post-title elementor-page-title elementor-widget-heading\" data-id=\"12ab721\" data-element_type=\"widget\" data-e-type=\"widget\" data-widget_type=\"theme-post-title.default\">\n\t\t\t\t<div class=\"elementor-widget-container\">\n\t\t\t\t\t<h2 class=\"elementor-heading-title elementor-size-default\">Titel der Nachricht<\/h2>\t\t\t\t<\/div>\n\t\t\t\t<\/div>\n\t\t\t\t<div class=\"elementor-element elementor-element-4714744 elementor-widget elementor-widget-post-info\" data-id=\"4714744\" data-element_type=\"widget\" data-e-type=\"widget\" data-widget_type=\"post-info.default\">\n\t\t\t\t<div class=\"elementor-widget-container\">\n\t\t\t\t\t\t\t<ul class=\"elementor-inline-items elementor-icon-list-items elementor-post-info\">\n\t\t\t\t\t\t\t\t<li class=\"elementor-icon-list-item elementor-repeater-item-6fc4fcf elementor-inline-item\" itemprop=\"about\">\n\t\t\t\t\t\t\t\t\t\t\t\t\t<span class=\"elementor-icon-list-text elementor-post-info__item elementor-post-info__item--type-terms\">\n\t\t\t\t\t\t\t\t\t\t<span class=\"elementor-post-info__terms-list\">\n\t\t\t\t<span class=\"elementor-post-info__terms-list-item\">Weinverkostung<\/span>\t\t\t\t<\/span>\n\t\t\t\t\t<\/span>\n\t\t\t\t\t\t\t\t<\/li>\n\t\t\t\t<\/ul>\n\t\t\t\t\t\t<\/div>\n\t\t\t\t<\/div>\n\t\t\t\t<div class=\"elementor-element elementor-element-dbaea30 elementor-widget elementor-widget-theme-post-excerpt\" data-id=\"dbaea30\" data-element_type=\"widget\" data-e-type=\"widget\" data-widget_type=\"theme-post-excerpt.default\">\n\t\t\t\t<div class=\"elementor-widget-container\">\n\t\t\t\t\tSind Sie auf der Suche nach dem perfekten Ort f\u00fcr ein Familienessen in Prag, an dem sowohl Eltern als auch Kinder Spa\u00df haben k\u00f6nnen? Das Manifesto Market bietet familienfreundliche Veranstaltungen, die jedes Wochenende zu einem besonderen Ereignis machen. Mit einem Kinderprogramm direkt im Restaurant, einer speziellen Kinderkarte und ganzt\u00e4giger Unterhaltung ist es das ultimative Ziel f\u00fcr familienfreundliche Restaurants in Prag.  \t\t\t\t<\/div>\n\t\t\t\t<\/div>\n\t\t\t\t<div class=\"elementor-element elementor-element-af92bac elementor-widget elementor-widget-button\" data-id=\"af92bac\" data-element_type=\"widget\" data-e-type=\"widget\" data-widget_type=\"button.default\">\n\t\t\t\t<div class=\"elementor-widget-container\">\n\t\t\t\t\t\t\t\t\t<div class=\"elementor-button-wrapper\">\n\t\t\t\t\t<a class=\"elementor-button elementor-button-link elementor-size-sm\" href=\"https:\/\/kallehalle.com\/de\/titel-der-nachricht\/\">\n\t\t\t\t\t\t<span class=\"elementor-button-content-wrapper\">\n\t\t\t\t\t\t\t\t\t<span class=\"elementor-button-text\">Read more<\/span>\n\t\t\t\t\t<\/span>\n\t\t\t\t\t<\/a>\n\t\t\t\t<\/div>\n\t\t\t\t\t\t\t\t<\/div>\n\t\t\t\t<\/div>\n\t\t\t\t<\/div>\n\t\t\t\t\t<\/div>\n\t\t\t\t<\/div>\n\t\t\t\t<\/div>\n\t\t\t\t<\/div>\n\t\t\n\t\t\t\t\t\t<\/div>\n\t\t\t\t<\/div>\n\t\t\t\t\t<\/div>\n\t\t\t\t<\/div>\n\t\t\t\t<\/div>\n\t\t","protected":false},"excerpt":{"rendered":"<p>Nachrichten Schreiben Sie uns eine Nachricht und sagen Sie uns, was Ihnen vorschwebt. Unser erfahrenes Team wird sich bei Ihnen melden und wir werden den Rest gemeinsam herausfinden.<\/p>\n","protected":false},"author":2,"featured_media":0,"parent":0,"menu_order":0,"comment_status":"closed","ping_status":"closed","template":"elementor_header_footer","meta":{"_acf_changed":false,"inline_featured_image":false,"footnotes":""},"class_list":["post-5117","page","type-page","status-publish","hentry"],"acf":[],"_links":{"self":[{"href":"https:\/\/kallehalle.com\/de\/wp-json\/wp\/v2\/pages\/5117","targetHints":{"allow":["GET"]}}],"collection":[{"href":"https:\/\/kallehalle.com\/de\/wp-json\/wp\/v2\/pages"}],"about":[{"href":"https:\/\/kallehalle.com\/de\/wp-json\/wp\/v2\/types\/page"}],"author":[{"embeddable":true,"href":"https:\/\/kallehalle.com\/de\/wp-json\/wp\/v2\/users\/2"}],"replies":[{"embeddable":true,"href":"https:\/\/kallehalle.com\/de\/wp-json\/wp\/v2\/comments?post=5117"}],"version-history":[{"count":1,"href":"https:\/\/kallehalle.com\/de\/wp-json\/wp\/v2\/pages\/5117\/revisions"}],"predecessor-version":[{"id":5118,"href":"https:\/\/kallehalle.com\/de\/wp-json\/wp\/v2\/pages\/5117\/revisions\/5118"}],"wp:attachment":[{"href":"https:\/\/kallehalle.com\/de\/wp-json\/wp\/v2\/media?parent=5117"}],"curies":[{"name":"wp","href":"https:\/\/api.w.org\/{rel}","templated":true}]}}