{"id":5113,"date":"2025-04-16T08:30:16","date_gmt":"2025-04-16T08:30:16","guid":{"rendered":"https:\/\/kallehalle.com\/ueber-uns\/"},"modified":"2025-07-25T09:22:19","modified_gmt":"2025-07-25T09:22:19","slug":"uber-uns","status":"publish","type":"page","link":"https:\/\/kallehalle.com\/de\/uber-uns\/","title":{"rendered":"\u00dcber uns"},"content":{"rendered":"<p><a href=\"#\"><br \/>\n\t\t\t\t\t\t\t\t\tUnsere Geschichte<br \/>\n\t\t\t\t\t<\/a><br \/>\n\t\t\t\t\t<a href=\"#\"><br \/>\n\t\t\t\t\t\t\t\t\tEntwurf<br \/>\n\t\t\t\t\t<\/a><br \/>\n\t\t\t\t\t<a href=\"#\"><br \/>\n\t\t\t\t\t\t\t\t\tM\u00f6bel<br \/>\n\t\t\t\t\t<\/a><br \/>\n\t\t\t\t\t<a href=\"#\"><br \/>\n\t\t\t\t\t\t\t\t\tEr\u00f6ffnen Sie ein Restaurant<br \/>\n\t\t\t\t\t<\/a><\/p>\n<h2>\n\t\t\t\t\t\tMehr als nur ein Markt\t\t\t\t\t<\/h2>\n<p>Hier geht&#8217;s nicht nur ums Essen \u2013 in der Kalle Halle geht&#8217;s uns um Menschen, Geschichten und die Neuk\u00f6llner Energie. Ein Ort, wo Geschm\u00e4cker sich vermischen, Kulturen aufeinander treffen, und Kreativit\u00e4t in Str\u00f6men flie\u00dft. Komm f\u00fcr einen Drink mit Freunden, oder verweile f\u00fcr einen Abend volle Kunst und Musik\u00f6. In der Kalle Halle dreht sich alles um sch\u00f6ne Momente und tolle Connections.<\/p>\n<p>Komm rein, iss etwas, mach mit.<\/p>\n<h2>\n\t\t\t\t\t\tJeder Sitz erz\u00e4hlt eine Geschichte\t\t\t\t\t<\/h2>\n<p>Bei Kalle Halle hat jedes M\u00f6belst\u00fcck eine Vergangenheit. Jeder Stuhl, jeder Tisch und jede Lampe wurde sorgf\u00e4ltig auf Vintage-M\u00e4rkten eingekauft und hat seine eigene Geschichte. Erfahrene Fachleute haben sie sorgf\u00e4ltig restauriert und dabei ihren Charme bewahrt und ihnen neues Leben eingehaucht. Das Ergebnis? Ein Raum voller Charakter, W\u00e4rme und Geschichten, die darauf warten, geteilt zu werden. Setzen Sie sich hin, nehmen Sie es auf und werden Sie Teil des n\u00e4chsten Kapitels.<\/p>\n","protected":false},"excerpt":{"rendered":"<p>Unsere Geschichte Entwurf M\u00f6bel Er\u00f6ffnen Sie ein Restaurant Mehr als nur ein Markt Hier geht&#8217;s nicht nur ums Essen \u2013 in der Kalle Halle geht&#8217;s uns um Menschen, Geschichten und die Neuk\u00f6llner Energie. Ein Ort, wo Geschm\u00e4cker sich vermischen, Kulturen aufeinander treffen, und Kreativit\u00e4t in Str\u00f6men flie\u00dft. Komm f\u00fcr einen Drink mit Freunden, oder verweile [&hellip;]<\/p>\n","protected":false},"author":2,"featured_media":0,"parent":0,"menu_order":0,"comment_status":"closed","ping_status":"closed","template":"elementor_header_footer","meta":{"_acf_changed":false,"inline_featured_image":false,"footnotes":""},"class_list":["post-5113","page","type-page","status-publish","hentry"],"acf":[],"_links":{"self":[{"href":"https:\/\/kallehalle.com\/de\/wp-json\/wp\/v2\/pages\/5113","targetHints":{"allow":["GET"]}}],"collection":[{"href":"https:\/\/kallehalle.com\/de\/wp-json\/wp\/v2\/pages"}],"about":[{"href":"https:\/\/kallehalle.com\/de\/wp-json\/wp\/v2\/types\/page"}],"author":[{"embeddable":true,"href":"https:\/\/kallehalle.com\/de\/wp-json\/wp\/v2\/users\/2"}],"replies":[{"embeddable":true,"href":"https:\/\/kallehalle.com\/de\/wp-json\/wp\/v2\/comments?post=5113"}],"version-history":[{"count":9,"href":"https:\/\/kallehalle.com\/de\/wp-json\/wp\/v2\/pages\/5113\/revisions"}],"predecessor-version":[{"id":5334,"href":"https:\/\/kallehalle.com\/de\/wp-json\/wp\/v2\/pages\/5113\/revisions\/5334"}],"wp:attachment":[{"href":"https:\/\/kallehalle.com\/de\/wp-json\/wp\/v2\/media?parent=5113"}],"curies":[{"name":"wp","href":"https:\/\/api.w.org\/{rel}","templated":true}]}}